{"id":384,"date":"2024-04-21T19:06:17","date_gmt":"2024-04-22T01:06:17","guid":{"rendered":"http:\/\/carloshiller.com\/?page_id=384"},"modified":"2024-07-23T19:31:18","modified_gmt":"2024-07-24T01:31:18","slug":"biografia","status":"publish","type":"page","link":"https:\/\/carloshiller.com\/en\/biografia\/","title":{"rendered":"Biography"},"content":{"rendered":"<div data-elementor-type=\"wp-page\" data-elementor-id=\"384\" class=\"elementor elementor-384\">\n\t\t\t\t<div class=\"elementor-element elementor-element-0cd59da e-flex e-con-boxed e-con e-parent\" data-id=\"0cd59da\" data-element_type=\"container\">\n\t\t\t\t\t<div class=\"e-con-inner\">\n\t\t\t\t<div class=\"elementor-element elementor-element-058a45d elementor-widget elementor-widget-heading\" data-id=\"058a45d\" data-element_type=\"widget\" data-widget_type=\"heading.default\">\n\t\t\t\t<div class=\"elementor-widget-container\">\n\t\t\t<style>\/*! elementor - v3.21.0 - 08-05-2024 *\/\n.elementor-heading-title{padding:0;margin:0;line-height:1}.elementor-widget-heading .elementor-heading-title[class*=elementor-size-]>a{color:inherit;font-size:inherit;line-height:inherit}.elementor-widget-heading .elementor-heading-title.elementor-size-small{font-size:15px}.elementor-widget-heading .elementor-heading-title.elementor-size-medium{font-size:19px}.elementor-widget-heading .elementor-heading-title.elementor-size-large{font-size:29px}.elementor-widget-heading .elementor-heading-title.elementor-size-xl{font-size:39px}.elementor-widget-heading .elementor-heading-title.elementor-size-xxl{font-size:59px}<\/style><h2 class=\"elementor-heading-title elementor-size-default\">BIOGRAPHY<\/h2>\t\t<\/div>\n\t\t\t\t<\/div>\n\t\t\t\t\t<\/div>\n\t\t\t\t<\/div>\n\t\t<div class=\"elementor-element elementor-element-b03c4f3 e-flex e-con-boxed e-con e-parent\" data-id=\"b03c4f3\" data-element_type=\"container\">\n\t\t\t\t\t<div class=\"e-con-inner\">\n\t\t<div class=\"elementor-element elementor-element-058aaaf e-con-full e-flex e-con e-child\" data-id=\"058aaaf\" data-element_type=\"container\">\n\t\t\t\t<div class=\"elementor-element elementor-element-f3ef3b9 elementor-widget elementor-widget-image\" data-id=\"f3ef3b9\" data-element_type=\"widget\" data-widget_type=\"image.default\">\n\t\t\t\t<div class=\"elementor-widget-container\">\n\t\t\t<style>\/*! elementor - v3.21.0 - 08-05-2024 *\/\n.elementor-widget-image{text-align:center}.elementor-widget-image a{display:inline-block}.elementor-widget-image a img[src$=\".svg\"]{width:48px}.elementor-widget-image img{vertical-align:middle;display:inline-block}<\/style>\t\t\t\t\t\t\t\t\t\t<img fetchpriority=\"high\" decoding=\"async\" width=\"560\" height=\"373\" src=\"https:\/\/carloshiller.com\/wp-content\/uploads\/2024\/04\/Carlos-Hiller.jpg\" class=\"attachment-large size-large wp-image-482\" alt=\"Carlos Hiller artist painting on board R\/V Falkor (too)\" srcset=\"https:\/\/carloshiller.com\/wp-content\/uploads\/2024\/04\/Carlos-Hiller.jpg 800w, https:\/\/carloshiller.com\/wp-content\/uploads\/2024\/04\/Carlos-Hiller-300x200.jpg 300w, https:\/\/carloshiller.com\/wp-content\/uploads\/2024\/04\/Carlos-Hiller-768x512.jpg 768w, https:\/\/carloshiller.com\/wp-content\/uploads\/2024\/04\/Carlos-Hiller-400x267.jpg 400w\" sizes=\"(max-width: 560px) 100vw, 560px\" \/>\t\t\t\t\t\t\t\t\t\t\t\t\t<\/div>\n\t\t\t\t<\/div>\n\t\t\t\t<div class=\"elementor-element elementor-element-7a0edbc elementor-widget elementor-widget-text-editor\" data-id=\"7a0edbc\" data-element_type=\"widget\" data-widget_type=\"text-editor.default\">\n\t\t\t\t<div class=\"elementor-widget-container\">\n\t\t\t<style>\/*! elementor - v3.21.0 - 08-05-2024 *\/\n.elementor-widget-text-editor.elementor-drop-cap-view-stacked .elementor-drop-cap{background-color:#69727d;color:#fff}.elementor-widget-text-editor.elementor-drop-cap-view-framed .elementor-drop-cap{color:#69727d;border:3px solid;background-color:transparent}.elementor-widget-text-editor:not(.elementor-drop-cap-view-default) .elementor-drop-cap{margin-top:8px}.elementor-widget-text-editor:not(.elementor-drop-cap-view-default) .elementor-drop-cap-letter{width:1em;height:1em}.elementor-widget-text-editor .elementor-drop-cap{float:left;text-align:center;line-height:1;font-size:50px}.elementor-widget-text-editor .elementor-drop-cap-letter{display:inline-block}<\/style>\t\t\t\t<p>photograph  by: Alex Ingle. Schmidt Ocean Institute. <\/p>\t\t\t\t\t\t<\/div>\n\t\t\t\t<\/div>\n\t\t\t\t<\/div>\n\t\t<div class=\"elementor-element elementor-element-7445571 e-con-full e-flex e-con e-child\" data-id=\"7445571\" data-element_type=\"container\">\n\t\t\t\t<div class=\"elementor-element elementor-element-711af8c elementor-widget elementor-widget-text-editor\" data-id=\"711af8c\" data-element_type=\"widget\" data-widget_type=\"text-editor.default\">\n\t\t\t\t<div class=\"elementor-widget-container\">\n\t\t\t\t\t\t\t<p>Carlos Hiller is an artist born in Argentina and naturalized Costa Rican with more than 30 years of residence and citizenship in this country. His great passion for the ocean and diving led him to specialize in portraying the underwater world, but without leaving aside the Central American jungle. Through public murals and environmental education, a constant dissemination of the need to protect the oceans is carried out, both in the country and abroad. Some places as far away and remote as Cocos Island, Easter Island, Amazonas, among others.<\/p><p>His artistic works, medium and large format paintings, are present in private collections throughout the world, being cataloged by specialized media as a global reference in underwater art.<\/p><p>Carlos even paints underwater, being one of the few artists in the world who take art to such an extreme.<\/p><p>Occasionally he makes sculptures in iron and steel.<\/p>\t\t\t\t\t\t<\/div>\n\t\t\t\t<\/div>\n\t\t\t\t<\/div>\n\t\t\t\t\t<\/div>\n\t\t\t\t<\/div>\n\t\t<div class=\"elementor-element elementor-element-63b1f40 e-flex e-con-boxed e-con e-parent\" data-id=\"63b1f40\" data-element_type=\"container\">\n\t\t\t\t\t<div class=\"e-con-inner\">\n\t\t<div class=\"elementor-element elementor-element-998b578 e-con-full e-flex e-con e-child\" data-id=\"998b578\" data-element_type=\"container\">\n\t\t\t\t<div class=\"elementor-element elementor-element-1f98867 elementor-widget elementor-widget-image\" data-id=\"1f98867\" data-element_type=\"widget\" data-widget_type=\"image.default\">\n\t\t\t\t<div class=\"elementor-widget-container\">\n\t\t\t\t\t\t\t\t\t\t\t\t\t<img decoding=\"async\" width=\"560\" height=\"560\" src=\"https:\/\/carloshiller.com\/wp-content\/uploads\/2024\/04\/Biografia-Carlos-Hiller-2-1024x1024.jpg\" class=\"attachment-large size-large wp-image-647\" alt=\"Carlos Hiller artist on one of his solo exhibitions.\" srcset=\"https:\/\/carloshiller.com\/wp-content\/uploads\/2024\/04\/Biografia-Carlos-Hiller-2-1024x1024.jpg 1024w, https:\/\/carloshiller.com\/wp-content\/uploads\/2024\/04\/Biografia-Carlos-Hiller-2-300x300.jpg 300w, https:\/\/carloshiller.com\/wp-content\/uploads\/2024\/04\/Biografia-Carlos-Hiller-2-150x150.jpg 150w, https:\/\/carloshiller.com\/wp-content\/uploads\/2024\/04\/Biografia-Carlos-Hiller-2-768x768.jpg 768w, https:\/\/carloshiller.com\/wp-content\/uploads\/2024\/04\/Biografia-Carlos-Hiller-2-1536x1536.jpg 1536w, https:\/\/carloshiller.com\/wp-content\/uploads\/2024\/04\/Biografia-Carlos-Hiller-2-2048x2048.jpg 2048w, https:\/\/carloshiller.com\/wp-content\/uploads\/2024\/04\/Biografia-Carlos-Hiller-2-1870x1870.jpg 1870w, https:\/\/carloshiller.com\/wp-content\/uploads\/2024\/04\/Biografia-Carlos-Hiller-2-400x400.jpg 400w, https:\/\/carloshiller.com\/wp-content\/uploads\/2024\/04\/Biografia-Carlos-Hiller-2-800x800.jpg 800w\" sizes=\"(max-width: 560px) 100vw, 560px\" \/>\t\t\t\t\t\t\t\t\t\t\t\t\t<\/div>\n\t\t\t\t<\/div>\n\t\t\t\t<\/div>\n\t\t<div class=\"elementor-element elementor-element-3653af6 e-con-full e-flex e-con e-child\" data-id=\"3653af6\" data-element_type=\"container\">\n\t\t\t\t<div class=\"elementor-element elementor-element-8adc83d elementor-widget elementor-widget-image\" data-id=\"8adc83d\" data-element_type=\"widget\" data-widget_type=\"image.default\">\n\t\t\t\t<div class=\"elementor-widget-container\">\n\t\t\t\t\t\t\t\t\t\t\t\t\t<img decoding=\"async\" width=\"560\" height=\"560\" src=\"https:\/\/carloshiller.com\/wp-content\/uploads\/2024\/04\/Carlos-Hiller-Underwater-Painter-1-1024x1024.jpg\" class=\"attachment-large size-large wp-image-648\" alt=\"Carlos Hiller artist painting underwater, with a school fish passing by.\" srcset=\"https:\/\/carloshiller.com\/wp-content\/uploads\/2024\/04\/Carlos-Hiller-Underwater-Painter-1-1024x1024.jpg 1024w, https:\/\/carloshiller.com\/wp-content\/uploads\/2024\/04\/Carlos-Hiller-Underwater-Painter-1-300x300.jpg 300w, https:\/\/carloshiller.com\/wp-content\/uploads\/2024\/04\/Carlos-Hiller-Underwater-Painter-1-150x150.jpg 150w, https:\/\/carloshiller.com\/wp-content\/uploads\/2024\/04\/Carlos-Hiller-Underwater-Painter-1-768x768.jpg 768w, https:\/\/carloshiller.com\/wp-content\/uploads\/2024\/04\/Carlos-Hiller-Underwater-Painter-1-400x400.jpg 400w, https:\/\/carloshiller.com\/wp-content\/uploads\/2024\/04\/Carlos-Hiller-Underwater-Painter-1-800x800.jpg 800w, https:\/\/carloshiller.com\/wp-content\/uploads\/2024\/04\/Carlos-Hiller-Underwater-Painter-1.jpg 1536w\" sizes=\"(max-width: 560px) 100vw, 560px\" \/>\t\t\t\t\t\t\t\t\t\t\t\t\t<\/div>\n\t\t\t\t<\/div>\n\t\t\t\t<\/div>\n\t\t<div class=\"elementor-element elementor-element-5c14e14 e-con-full e-flex e-con e-child\" data-id=\"5c14e14\" data-element_type=\"container\">\n\t\t\t\t<div class=\"elementor-element elementor-element-9fe8fbe elementor-widget elementor-widget-image\" data-id=\"9fe8fbe\" data-element_type=\"widget\" data-widget_type=\"image.default\">\n\t\t\t\t<div class=\"elementor-widget-container\">\n\t\t\t\t\t\t\t\t\t\t\t\t\t<img loading=\"lazy\" decoding=\"async\" width=\"560\" height=\"560\" src=\"https:\/\/carloshiller.com\/wp-content\/uploads\/2024\/04\/Carlos-Hiller-Artist-1-1024x1024.jpg\" class=\"attachment-large size-large wp-image-649\" alt=\"Carlos Hiller artist visiting a costarican native comunity.\" srcset=\"https:\/\/carloshiller.com\/wp-content\/uploads\/2024\/04\/Carlos-Hiller-Artist-1-1024x1024.jpg 1024w, https:\/\/carloshiller.com\/wp-content\/uploads\/2024\/04\/Carlos-Hiller-Artist-1-300x300.jpg 300w, https:\/\/carloshiller.com\/wp-content\/uploads\/2024\/04\/Carlos-Hiller-Artist-1-150x150.jpg 150w, https:\/\/carloshiller.com\/wp-content\/uploads\/2024\/04\/Carlos-Hiller-Artist-1-768x768.jpg 768w, https:\/\/carloshiller.com\/wp-content\/uploads\/2024\/04\/Carlos-Hiller-Artist-1-1536x1536.jpg 1536w, https:\/\/carloshiller.com\/wp-content\/uploads\/2024\/04\/Carlos-Hiller-Artist-1-1870x1870.jpg 1870w, https:\/\/carloshiller.com\/wp-content\/uploads\/2024\/04\/Carlos-Hiller-Artist-1-400x400.jpg 400w, https:\/\/carloshiller.com\/wp-content\/uploads\/2024\/04\/Carlos-Hiller-Artist-1-800x800.jpg 800w, https:\/\/carloshiller.com\/wp-content\/uploads\/2024\/04\/Carlos-Hiller-Artist-1.jpg 2000w\" sizes=\"(max-width: 560px) 100vw, 560px\" \/>\t\t\t\t\t\t\t\t\t\t\t\t\t<\/div>\n\t\t\t\t<\/div>\n\t\t\t\t<\/div>\n\t\t<div class=\"elementor-element elementor-element-ace0334 e-con-full e-flex e-con e-child\" data-id=\"ace0334\" data-element_type=\"container\">\n\t\t\t\t<\/div>\n\t\t<div class=\"elementor-element elementor-element-3021f5a e-con-full e-flex e-con e-child\" data-id=\"3021f5a\" data-element_type=\"container\">\n\t\t\t\t<\/div>\n\t\t<div class=\"elementor-element elementor-element-3afcc74 e-con-full e-flex e-con e-child\" data-id=\"3afcc74\" data-element_type=\"container\">\n\t\t\t\t<\/div>\n\t\t\t\t\t<\/div>\n\t\t\t\t<\/div>\n\t\t<div class=\"elementor-element elementor-element-5a96456 e-flex e-con-boxed e-con e-parent\" data-id=\"5a96456\" data-element_type=\"container\">\n\t\t\t\t\t<div class=\"e-con-inner\">\n\t\t\t\t<div class=\"elementor-element elementor-element-2651fc7 elementor-widget-divider--view-line elementor-widget elementor-widget-divider\" data-id=\"2651fc7\" data-element_type=\"widget\" data-widget_type=\"divider.default\">\n\t\t\t\t<div class=\"elementor-widget-container\">\n\t\t\t<style>\/*! elementor - v3.21.0 - 08-05-2024 *\/\n.elementor-widget-divider{--divider-border-style:none;--divider-border-width:1px;--divider-color:#0c0d0e;--divider-icon-size:20px;--divider-element-spacing:10px;--divider-pattern-height:24px;--divider-pattern-size:20px;--divider-pattern-url:none;--divider-pattern-repeat:repeat-x}.elementor-widget-divider .elementor-divider{display:flex}.elementor-widget-divider .elementor-divider__text{font-size:15px;line-height:1;max-width:95%}.elementor-widget-divider .elementor-divider__element{margin:0 var(--divider-element-spacing);flex-shrink:0}.elementor-widget-divider .elementor-icon{font-size:var(--divider-icon-size)}.elementor-widget-divider .elementor-divider-separator{display:flex;margin:0;direction:ltr}.elementor-widget-divider--view-line_icon .elementor-divider-separator,.elementor-widget-divider--view-line_text .elementor-divider-separator{align-items:center}.elementor-widget-divider--view-line_icon .elementor-divider-separator:after,.elementor-widget-divider--view-line_icon .elementor-divider-separator:before,.elementor-widget-divider--view-line_text .elementor-divider-separator:after,.elementor-widget-divider--view-line_text .elementor-divider-separator:before{display:block;content:\"\";border-block-end:0;flex-grow:1;border-block-start:var(--divider-border-width) var(--divider-border-style) var(--divider-color)}.elementor-widget-divider--element-align-left .elementor-divider .elementor-divider-separator>.elementor-divider__svg:first-of-type{flex-grow:0;flex-shrink:100}.elementor-widget-divider--element-align-left .elementor-divider-separator:before{content:none}.elementor-widget-divider--element-align-left .elementor-divider__element{margin-left:0}.elementor-widget-divider--element-align-right .elementor-divider .elementor-divider-separator>.elementor-divider__svg:last-of-type{flex-grow:0;flex-shrink:100}.elementor-widget-divider--element-align-right .elementor-divider-separator:after{content:none}.elementor-widget-divider--element-align-right .elementor-divider__element{margin-right:0}.elementor-widget-divider--element-align-start .elementor-divider .elementor-divider-separator>.elementor-divider__svg:first-of-type{flex-grow:0;flex-shrink:100}.elementor-widget-divider--element-align-start .elementor-divider-separator:before{content:none}.elementor-widget-divider--element-align-start .elementor-divider__element{margin-inline-start:0}.elementor-widget-divider--element-align-end .elementor-divider .elementor-divider-separator>.elementor-divider__svg:last-of-type{flex-grow:0;flex-shrink:100}.elementor-widget-divider--element-align-end .elementor-divider-separator:after{content:none}.elementor-widget-divider--element-align-end .elementor-divider__element{margin-inline-end:0}.elementor-widget-divider:not(.elementor-widget-divider--view-line_text):not(.elementor-widget-divider--view-line_icon) .elementor-divider-separator{border-block-start:var(--divider-border-width) var(--divider-border-style) var(--divider-color)}.elementor-widget-divider--separator-type-pattern{--divider-border-style:none}.elementor-widget-divider--separator-type-pattern.elementor-widget-divider--view-line .elementor-divider-separator,.elementor-widget-divider--separator-type-pattern:not(.elementor-widget-divider--view-line) .elementor-divider-separator:after,.elementor-widget-divider--separator-type-pattern:not(.elementor-widget-divider--view-line) .elementor-divider-separator:before,.elementor-widget-divider--separator-type-pattern:not([class*=elementor-widget-divider--view]) .elementor-divider-separator{width:100%;min-height:var(--divider-pattern-height);-webkit-mask-size:var(--divider-pattern-size) 100%;mask-size:var(--divider-pattern-size) 100%;-webkit-mask-repeat:var(--divider-pattern-repeat);mask-repeat:var(--divider-pattern-repeat);background-color:var(--divider-color);-webkit-mask-image:var(--divider-pattern-url);mask-image:var(--divider-pattern-url)}.elementor-widget-divider--no-spacing{--divider-pattern-size:auto}.elementor-widget-divider--bg-round{--divider-pattern-repeat:round}.rtl .elementor-widget-divider .elementor-divider__text{direction:rtl}.e-con-inner>.elementor-widget-divider,.e-con>.elementor-widget-divider{width:var(--container-widget-width,100%);--flex-grow:var(--container-widget-flex-grow)}<\/style>\t\t<div class=\"elementor-divider\">\n\t\t\t<span class=\"elementor-divider-separator\">\n\t\t\t\t\t\t<\/span>\n\t\t<\/div>\n\t\t\t\t<\/div>\n\t\t\t\t<\/div>\n\t\t\t\t\t<\/div>\n\t\t\t\t<\/div>\n\t\t<div class=\"elementor-element elementor-element-226179ff e-con-full e-flex e-con e-parent\" data-id=\"226179ff\" data-element_type=\"container\">\n\t\t\t\t<div class=\"elementor-element elementor-element-3be03799 interlineado elementor-widget elementor-widget-text-editor\" data-id=\"3be03799\" data-element_type=\"widget\" data-widget_type=\"text-editor.default\">\n\t\t\t\t<div class=\"elementor-widget-container\">\n\t\t\t\t\t\t\t<p style=\"text-align: center; line-height:25px;\">Are you an art collector? Do you have an art gallery?<\/p>\n<p style=\"text-align: center;\">Do you love the ocean and want to see your own experience captured on canvas?<\/p>\n<p style=\"text-align: center;\">Do not hesitate to <a href=\"http:\/\/carloshiller.com\/en\/contacto\/\">contact me!<\/a>!<\/p>\n+506 89288752 Playas del Coco, Costa Rica CARLOS HILLER \u2013 All Rights Reserved \u2013 Copyright 2024\t\t\t\t\t\t<\/div>\n\t\t\t\t<\/div>\n\t\t\t\t<\/div>\n\t\t\t\t<\/div>","protected":false},"excerpt":{"rendered":"<p>BIOGRAF\u00cdA Foto tomada por: Alex Ingle. Schmidt Ocean Institute. Carlos Hiller es un artista pl\u00e1stico nacido en Argentina y naturalizado Costarricense con 30 a\u00f1os de residir en este pa\u00eds. Su gran pasi\u00f3n por el oc\u00e9ano y el buceo lo llevaron a especializarse en retratar el mundo submarino, pero sin dejar de lado la selva centroamericana. [&hellip;]<\/p>","protected":false},"author":1,"featured_media":0,"parent":0,"menu_order":0,"comment_status":"closed","ping_status":"closed","template":"elementor_header_footer","meta":{"footnotes":""},"class_list":["post-384","page","type-page","status-publish","hentry","missing-thumbnail"],"yoast_head":"<!-- This site is optimized with the Yoast SEO plugin v26.7 - https:\/\/yoast.com\/wordpress\/plugins\/seo\/ -->\n<title>Biograf\u00eda - Carlos Hiller<\/title>\n<meta name=\"description\" content=\"Internationally recognized marine artist, dedicated to painting from his own experiences in the ocean.\" \/>\n<meta name=\"robots\" content=\"index, follow, max-snippet:-1, max-image-preview:large, max-video-preview:-1\" \/>\n<link rel=\"canonical\" href=\"https:\/\/carloshiller.com\/en\/biografia\/\" \/>\n<meta property=\"og:locale\" content=\"en_US\" \/>\n<meta property=\"og:type\" content=\"article\" \/>\n<meta property=\"og:title\" content=\"Biograf\u00eda - Carlos Hiller\" \/>\n<meta property=\"og:description\" content=\"Internationally recognized marine artist, dedicated to painting from his own experiences in the ocean.\" \/>\n<meta property=\"og:url\" content=\"https:\/\/carloshiller.com\/en\/biografia\/\" \/>\n<meta property=\"og:site_name\" content=\"Carlos Hiller\" \/>\n<meta property=\"article:publisher\" content=\"https:\/\/www.facebook.com\/carloshiller\" \/>\n<meta property=\"article:modified_time\" content=\"2024-07-24T01:31:18+00:00\" \/>\n<meta property=\"og:image\" content=\"https:\/\/carloshiller.com\/wp-content\/uploads\/2024\/04\/Carlos-Hiller.jpg\" \/>\n<meta name=\"twitter:card\" content=\"summary_large_image\" \/>\n<meta name=\"twitter:label1\" content=\"Est. reading time\" \/>\n\t<meta name=\"twitter:data1\" content=\"2 minutes\" \/>\n<script type=\"application\/ld+json\" class=\"yoast-schema-graph\">{\"@context\":\"https:\/\/schema.org\",\"@graph\":[{\"@type\":\"WebPage\",\"@id\":\"https:\/\/carloshiller.com\/biografia\/\",\"url\":\"https:\/\/carloshiller.com\/biografia\/\",\"name\":\"Biograf\u00eda - Carlos Hiller\",\"isPartOf\":{\"@id\":\"https:\/\/carloshiller.com\/#website\"},\"primaryImageOfPage\":{\"@id\":\"https:\/\/carloshiller.com\/biografia\/#primaryimage\"},\"image\":{\"@id\":\"https:\/\/carloshiller.com\/biografia\/#primaryimage\"},\"thumbnailUrl\":\"https:\/\/carloshiller.com\/wp-content\/uploads\/2024\/04\/Carlos-Hiller.jpg\",\"datePublished\":\"2024-04-22T01:06:17+00:00\",\"dateModified\":\"2024-07-24T01:31:18+00:00\",\"description\":\"Internationally recognized marine artist, dedicated to painting from his own experiences in the ocean.\",\"breadcrumb\":{\"@id\":\"https:\/\/carloshiller.com\/biografia\/#breadcrumb\"},\"inLanguage\":\"en-US\",\"potentialAction\":[{\"@type\":\"ReadAction\",\"target\":[\"https:\/\/carloshiller.com\/biografia\/\"]}]},{\"@type\":\"ImageObject\",\"inLanguage\":\"en-US\",\"@id\":\"https:\/\/carloshiller.com\/biografia\/#primaryimage\",\"url\":\"https:\/\/carloshiller.com\/wp-content\/uploads\/2024\/04\/Carlos-Hiller.jpg\",\"contentUrl\":\"https:\/\/carloshiller.com\/wp-content\/uploads\/2024\/04\/Carlos-Hiller.jpg\"},{\"@type\":\"BreadcrumbList\",\"@id\":\"https:\/\/carloshiller.com\/biografia\/#breadcrumb\",\"itemListElement\":[{\"@type\":\"ListItem\",\"position\":1,\"name\":\"Portada\",\"item\":\"https:\/\/carloshiller.com\/\"},{\"@type\":\"ListItem\",\"position\":2,\"name\":\"Biograf\u00eda\"}]},{\"@type\":\"WebSite\",\"@id\":\"https:\/\/carloshiller.com\/#website\",\"url\":\"https:\/\/carloshiller.com\/\",\"name\":\"Carlos Hiller\",\"description\":\"Artista dedicado a retratar los oc\u00e9anos.\",\"publisher\":{\"@id\":\"https:\/\/carloshiller.com\/#\/schema\/person\/674875cdee6506763d6bf2c8d4ccc783\"},\"potentialAction\":[{\"@type\":\"SearchAction\",\"target\":{\"@type\":\"EntryPoint\",\"urlTemplate\":\"https:\/\/carloshiller.com\/?s={search_term_string}\"},\"query-input\":{\"@type\":\"PropertyValueSpecification\",\"valueRequired\":true,\"valueName\":\"search_term_string\"}}],\"inLanguage\":\"en-US\"},{\"@type\":[\"Person\",\"Organization\"],\"@id\":\"https:\/\/carloshiller.com\/#\/schema\/person\/674875cdee6506763d6bf2c8d4ccc783\",\"name\":\"chmanager\",\"image\":{\"@type\":\"ImageObject\",\"inLanguage\":\"en-US\",\"@id\":\"https:\/\/carloshiller.com\/#\/schema\/person\/image\/\",\"url\":\"https:\/\/secure.gravatar.com\/avatar\/acad3c15880dd2138c19c456da53c46053a3bab38d20d3cb184b650e1e2ca7aa?s=96&d=mm&r=g\",\"contentUrl\":\"https:\/\/secure.gravatar.com\/avatar\/acad3c15880dd2138c19c456da53c46053a3bab38d20d3cb184b650e1e2ca7aa?s=96&d=mm&r=g\",\"caption\":\"chmanager\"},\"logo\":{\"@id\":\"https:\/\/carloshiller.com\/#\/schema\/person\/image\/\"},\"sameAs\":[\"http:\/\/carloshiller.com\",\"https:\/\/www.facebook.com\/carloshiller\",\"https:\/\/www.instagram.com\/carloshillerartist\/\",\"https:\/\/www.youtube.com\/@ciharcr\"]}]}<\/script>\n<!-- \/ Yoast SEO plugin. -->","yoast_head_json":{"title":"Biograf\u00eda - Carlos Hiller","description":"Internationally recognized marine artist, dedicated to painting from his own experiences in the ocean.","robots":{"index":"index","follow":"follow","max-snippet":"max-snippet:-1","max-image-preview":"max-image-preview:large","max-video-preview":"max-video-preview:-1"},"canonical":"https:\/\/carloshiller.com\/en\/biografia\/","og_locale":"en_US","og_type":"article","og_title":"Biograf\u00eda - Carlos Hiller","og_description":"Internationally recognized marine artist, dedicated to painting from his own experiences in the ocean.","og_url":"https:\/\/carloshiller.com\/en\/biografia\/","og_site_name":"Carlos Hiller","article_publisher":"https:\/\/www.facebook.com\/carloshiller","article_modified_time":"2024-07-24T01:31:18+00:00","og_image":[{"url":"https:\/\/carloshiller.com\/wp-content\/uploads\/2024\/04\/Carlos-Hiller.jpg","type":"","width":"","height":""}],"twitter_card":"summary_large_image","twitter_misc":{"Est. reading time":"2 minutes"},"schema":{"@context":"https:\/\/schema.org","@graph":[{"@type":"WebPage","@id":"https:\/\/carloshiller.com\/biografia\/","url":"https:\/\/carloshiller.com\/biografia\/","name":"Biograf\u00eda - Carlos Hiller","isPartOf":{"@id":"https:\/\/carloshiller.com\/#website"},"primaryImageOfPage":{"@id":"https:\/\/carloshiller.com\/biografia\/#primaryimage"},"image":{"@id":"https:\/\/carloshiller.com\/biografia\/#primaryimage"},"thumbnailUrl":"https:\/\/carloshiller.com\/wp-content\/uploads\/2024\/04\/Carlos-Hiller.jpg","datePublished":"2024-04-22T01:06:17+00:00","dateModified":"2024-07-24T01:31:18+00:00","description":"Internationally recognized marine artist, dedicated to painting from his own experiences in the ocean.","breadcrumb":{"@id":"https:\/\/carloshiller.com\/biografia\/#breadcrumb"},"inLanguage":"en-US","potentialAction":[{"@type":"ReadAction","target":["https:\/\/carloshiller.com\/biografia\/"]}]},{"@type":"ImageObject","inLanguage":"en-US","@id":"https:\/\/carloshiller.com\/biografia\/#primaryimage","url":"https:\/\/carloshiller.com\/wp-content\/uploads\/2024\/04\/Carlos-Hiller.jpg","contentUrl":"https:\/\/carloshiller.com\/wp-content\/uploads\/2024\/04\/Carlos-Hiller.jpg"},{"@type":"BreadcrumbList","@id":"https:\/\/carloshiller.com\/biografia\/#breadcrumb","itemListElement":[{"@type":"ListItem","position":1,"name":"Portada","item":"https:\/\/carloshiller.com\/"},{"@type":"ListItem","position":2,"name":"Biograf\u00eda"}]},{"@type":"WebSite","@id":"https:\/\/carloshiller.com\/#website","url":"https:\/\/carloshiller.com\/","name":"Carlos Hiller","description":"Artist dedicated to portraying the oceans.","publisher":{"@id":"https:\/\/carloshiller.com\/#\/schema\/person\/674875cdee6506763d6bf2c8d4ccc783"},"potentialAction":[{"@type":"SearchAction","target":{"@type":"EntryPoint","urlTemplate":"https:\/\/carloshiller.com\/?s={search_term_string}"},"query-input":{"@type":"PropertyValueSpecification","valueRequired":true,"valueName":"search_term_string"}}],"inLanguage":"en-US"},{"@type":["Person","Organization"],"@id":"https:\/\/carloshiller.com\/#\/schema\/person\/674875cdee6506763d6bf2c8d4ccc783","name":"chmanager","image":{"@type":"ImageObject","inLanguage":"en-US","@id":"https:\/\/carloshiller.com\/#\/schema\/person\/image\/","url":"https:\/\/secure.gravatar.com\/avatar\/acad3c15880dd2138c19c456da53c46053a3bab38d20d3cb184b650e1e2ca7aa?s=96&d=mm&r=g","contentUrl":"https:\/\/secure.gravatar.com\/avatar\/acad3c15880dd2138c19c456da53c46053a3bab38d20d3cb184b650e1e2ca7aa?s=96&d=mm&r=g","caption":"chmanager"},"logo":{"@id":"https:\/\/carloshiller.com\/#\/schema\/person\/image\/"},"sameAs":["http:\/\/carloshiller.com","https:\/\/www.facebook.com\/carloshiller","https:\/\/www.instagram.com\/carloshillerartist\/","https:\/\/www.youtube.com\/@ciharcr"]}]}},"_links":{"self":[{"href":"https:\/\/carloshiller.com\/en\/wp-json\/wp\/v2\/pages\/384","targetHints":{"allow":["GET"]}}],"collection":[{"href":"https:\/\/carloshiller.com\/en\/wp-json\/wp\/v2\/pages"}],"about":[{"href":"https:\/\/carloshiller.com\/en\/wp-json\/wp\/v2\/types\/page"}],"author":[{"embeddable":true,"href":"https:\/\/carloshiller.com\/en\/wp-json\/wp\/v2\/users\/1"}],"replies":[{"embeddable":true,"href":"https:\/\/carloshiller.com\/en\/wp-json\/wp\/v2\/comments?post=384"}],"version-history":[{"count":22,"href":"https:\/\/carloshiller.com\/en\/wp-json\/wp\/v2\/pages\/384\/revisions"}],"predecessor-version":[{"id":1466,"href":"https:\/\/carloshiller.com\/en\/wp-json\/wp\/v2\/pages\/384\/revisions\/1466"}],"wp:attachment":[{"href":"https:\/\/carloshiller.com\/en\/wp-json\/wp\/v2\/media?parent=384"}],"curies":[{"name":"wp","href":"https:\/\/api.w.org\/{rel}","templated":true}]}}